{"id":2640,"date":"2026-02-04T13:56:24","date_gmt":"2026-02-04T12:56:24","guid":{"rendered":"https:\/\/wagnerculinaryexperiences.com\/trade-partners\/"},"modified":"2026-03-24T18:27:35","modified_gmt":"2026-03-24T17:27:35","slug":"trade-partners","status":"publish","type":"page","link":"https:\/\/wagnerculinaryexperiences.com\/en\/trade-partners\/","title":{"rendered":"Trade partners"},"content":{"rendered":"<p>[et_pb_section fb_built=&#8221;1&#8243; custom_padding_last_edited=&#8221;on|phone&#8221; _builder_version=&#8221;4.27.5&#8243; _module_preset=&#8221;default&#8221; background_color=&#8221;#000000&#8243; custom_padding=&#8221;12%||0px||false|false&#8221; custom_padding_tablet=&#8221;12%||||false|false&#8221; custom_padding_phone=&#8221;25%||||false|false&#8221; global_colors_info=&#8221;{}&#8221;][et_pb_row column_structure=&#8221;1_2,1_2&#8243; make_equal=&#8221;on&#8221; _builder_version=&#8221;4.27.5&#8243; _module_preset=&#8221;default&#8221; background_enable_image=&#8221;off&#8221; global_colors_info=&#8221;{}&#8221;][et_pb_column type=&#8221;1_2&#8243; _builder_version=&#8221;4.27.5&#8243; _module_preset=&#8221;default&#8221; custom_padding=&#8221;||2em||false|false&#8221; custom_padding_tablet=&#8221;||2em||false|false&#8221; custom_padding_phone=&#8221;||1em||false|false&#8221; custom_padding_last_edited=&#8221;on|phone&#8221; global_colors_info=&#8221;{}&#8221;][et_pb_text _builder_version=&#8221;4.27.5&#8243; _module_preset=&#8221;default&#8221; header_font=&#8221;|||on|||||&#8221; header_font_size=&#8221;4em&#8221; background_layout=&#8221;dark&#8221; header_font_size_tablet=&#8221;4em&#8221; header_font_size_phone=&#8221;2em&#8221; header_font_size_last_edited=&#8221;on|phone&#8221; global_colors_info=&#8221;{}&#8221;]<\/p>\n<h1>Trade partners<\/h1>\n<p>[\/et_pb_text][et_pb_text _builder_version=&#8221;4.27.5&#8243; _module_preset=&#8221;default&#8221; header_font=&#8221;|||on|||||&#8221; header_font_size=&#8221;4em&#8221; background_layout=&#8221;dark&#8221; width_tablet=&#8221;80%&#8221; width_phone=&#8221;100%&#8221; width_last_edited=&#8221;off|desktop&#8221; max_width_last_edited=&#8221;off|desktop&#8221; module_alignment=&#8221;left&#8221; global_colors_info=&#8221;{}&#8221; width__hover_enabled=&#8221;off|desktop&#8221;]<\/p>\n<p>Here you will find the small artisan businesses that I work with and whose products I value highly. Each partner shares my commitment to quality, organic products, transparency and respect for the artisanal process. Together we make authentic and responsible work possible.  <\/p>\n<p>[\/et_pb_text][\/et_pb_column][et_pb_column type=&#8221;1_2&#8243; _builder_version=&#8221;4.27.5&#8243; _module_preset=&#8221;default&#8221; background_image=&#8221;https:\/\/wagnerculinaryexperiences.com\/wp-content\/uploads\/2026\/02\/img-parrilla.jpg&#8221; custom_css_main_element=&#8221;margin-bottom:-4em;&#8221; global_colors_info=&#8221;{}&#8221; custom_css_main_element_last_edited=&#8221;on|tablet&#8221; custom_css_main_element_tablet=&#8221;margin-bottom:0em;&#8221; custom_css_main_element_phone=&#8221;margin-bottom:0em;&#8221;][et_pb_image src=&#8221;https:\/\/wagnerculinaryexperiences.com\/wp-content\/uploads\/2026\/02\/img-parrilla.jpg&#8221; disabled_on=&#8221;off|off|on&#8221; _builder_version=&#8221;4.27.5&#8243; _module_preset=&#8221;default&#8221; custom_margin=&#8221;||-4em||false|false&#8221; animation_style=&#8221;zoom&#8221; animation_direction=&#8221;right&#8221; animation_duration=&#8221;1250ms&#8221; animation_intensity_zoom=&#8221;4%&#8221; global_colors_info=&#8221;{}&#8221;][\/et_pb_image][\/et_pb_column][\/et_pb_row][\/et_pb_section][et_pb_section fb_built=&#8221;1&#8243; custom_padding_last_edited=&#8221;on|tablet&#8221; _builder_version=&#8221;4.27.5&#8243; _module_preset=&#8221;default&#8221; background_color=&#8221;#F0EDEA&#8221; custom_padding_tablet=&#8221;||2em||false|false&#8221; custom_padding_phone=&#8221;||0px||false|false&#8221; global_colors_info=&#8221;{}&#8221;][et_pb_row _builder_version=&#8221;4.27.5&#8243; _module_preset=&#8221;default&#8221; global_colors_info=&#8221;{}&#8221;][et_pb_column type=&#8221;4_4&#8243; _builder_version=&#8221;4.27.5&#8243; _module_preset=&#8221;default&#8221; global_colors_info=&#8221;{}&#8221;][et_pb_text _builder_version=&#8221;4.27.5&#8243; _module_preset=&#8221;default&#8221; text_font=&#8221;&#8211;et_global_heading_font||||||||&#8221; text_font_size=&#8221;2.5em&#8221; text_line_height=&#8221;1.1em&#8221; text_orientation=&#8221;center&#8221; width=&#8221;85%&#8221; width_tablet=&#8221;90%&#8221; width_phone=&#8221;100%&#8221; width_last_edited=&#8221;on|phone&#8221; module_alignment=&#8221;center&#8221; custom_margin=&#8221;||0.5em||false|false&#8221; text_font_size_tablet=&#8221;2em&#8221; text_font_size_phone=&#8221;1.5em&#8221; text_font_size_last_edited=&#8221;on|phone&#8221; global_colors_info=&#8221;{}&#8221;]<\/p>\n<p>Are you a company and would like to work with me?<\/p>\n<p>[\/et_pb_text][et_pb_text _builder_version=&#8221;4.27.5&#8243; _module_preset=&#8221;default&#8221; text_font_size=&#8221;1.5em&#8221; text_line_height=&#8221;1.2em&#8221; text_orientation=&#8221;center&#8221; width=&#8221;50%&#8221; width_tablet=&#8221;90%&#8221; width_phone=&#8221;100%&#8221; width_last_edited=&#8221;on|phone&#8221; module_alignment=&#8221;center&#8221; text_font_size_tablet=&#8221;1.5em&#8221; text_font_size_phone=&#8221;1.1em&#8221; text_font_size_last_edited=&#8221;on|phone&#8221; global_colors_info=&#8221;{}&#8221;]<\/p>\n<p>Get in touch with us! Click here to send us a message. <\/p>\n<p>[\/et_pb_text][et_pb_button button_url=&#8221;@ET-DC@eyJkeW5hbWljIjp0cnVlLCJjb250ZW50IjoicG9zdF9saW5rX3VybF9wYWdlIiwic2V0dGluZ3MiOnsicG9zdF9pZCI6IjEwMTcifX0=@&#8221; button_text=&#8221;Contact us&#8221; button_alignment=&#8221;center&#8221; _builder_version=&#8221;4.27.5&#8243; _dynamic_attributes=&#8221;button_url&#8221; _module_preset=&#8221;default&#8221; custom_button=&#8221;on&#8221; button_text_size=&#8221;14px&#8221; button_text_color=&#8221;#FFFFFF&#8221; button_bg_color=&#8221;#D9BF91&#8243; button_border_width=&#8221;0px&#8221; button_border_radius=&#8221;0px&#8221; button_letter_spacing=&#8221;2px&#8221; button_font=&#8221;|||on|||||&#8221; button_use_icon=&#8221;off&#8221; custom_padding=&#8221;1em|2em|1em|2em|true|true&#8221; hover_enabled=&#8221;0&#8243; locked=&#8221;off&#8221; global_colors_info=&#8221;{}&#8221; button_bg_color__hover_enabled=&#8221;on|hover&#8221; button_bg_color__hover=&#8221;#000000&#8243; button_bg_enable_color__hover=&#8221;on&#8221; sticky_enabled=&#8221;0&#8243;][\/et_pb_button][\/et_pb_column][\/et_pb_row][\/et_pb_section][et_pb_section fb_built=&#8221;1&#8243; _builder_version=&#8221;4.27.5&#8243; _module_preset=&#8221;default&#8221; background_color=&#8221;#000000&#8243; custom_padding=&#8221;0px||0px||true|false&#8221; global_colors_info=&#8221;{}&#8221;][et_pb_row column_structure=&#8221;1_2,1_2&#8243; make_equal=&#8221;on&#8221; _builder_version=&#8221;4.27.5&#8243; _module_preset=&#8221;default&#8221; width=&#8221;100%&#8221; max_width=&#8221;100%&#8221; custom_padding=&#8221;0px||0px||true|false&#8221; global_colors_info=&#8221;{}&#8221;][et_pb_column type=&#8221;1_2&#8243; _builder_version=&#8221;4.27.5&#8243; _module_preset=&#8221;default&#8221; use_background_color_gradient=&#8221;on&#8221; background_color_gradient_stops=&#8221;rgba(0,0,0,0.5) 0%|rgba(0,0,0,0.5) 100%&#8221; background_color_gradient_overlays_image=&#8221;on&#8221; background_image=&#8221;https:\/\/wagnerculinaryexperiences.com\/wp-content\/uploads\/2026\/02\/fondo-proveed-2.jpg&#8221; parallax=&#8221;on&#8221; global_colors_info=&#8221;{}&#8221;][et_pb_image src=&#8221;https:\/\/wagnerculinaryexperiences.com\/wp-content\/uploads\/2026\/02\/fondo-proveed-4.jpg&#8221; _builder_version=&#8221;4.27.5&#8243; _module_preset=&#8221;default&#8221; positioning=&#8221;absolute&#8221; position_origin_a=&#8221;center_right&#8221; position_origin_a_tablet=&#8221;center_right&#8221; position_origin_a_phone=&#8221;center_right&#8221; position_origin_a_last_edited=&#8221;on|tablet&#8221; position_origin_f_tablet=&#8221;&#8221; position_origin_f_phone=&#8221;&#8221; position_origin_f_last_edited=&#8221;on|tablet&#8221; position_origin_r_tablet=&#8221;&#8221; position_origin_r_phone=&#8221;&#8221; position_origin_r_last_edited=&#8221;on|tablet&#8221; width=&#8221;50%&#8221; custom_margin=&#8221;|-2em|||false|false&#8221; custom_margin_tablet=&#8221;20em|5em|-2em|5em|false|true&#8221; custom_margin_phone=&#8221;8em|2em||2em|false|false&#8221; custom_margin_last_edited=&#8221;on|tablet&#8221; positioning_tablet=&#8221;none&#8221; positioning_phone=&#8221;none&#8221; positioning_last_edited=&#8221;on|tablet&#8221; global_colors_info=&#8221;{}&#8221;][\/et_pb_image][\/et_pb_column][et_pb_column type=&#8221;1_2&#8243; _builder_version=&#8221;4.27.5&#8243; _module_preset=&#8221;default&#8221; custom_padding=&#8221;6em|5%|6em||true|false&#8221; custom_padding_tablet=&#8221;4em|5em|4em|5em|true|true&#8221; custom_padding_phone=&#8221;|2em||2em|true|false&#8221; custom_padding_last_edited=&#8221;on|tablet&#8221; global_colors_info=&#8221;{}&#8221;][et_pb_text _builder_version=&#8221;4.27.5&#8243; _module_preset=&#8221;default&#8221; header_2_font=&#8221;|||on|||||&#8221; header_2_text_align=&#8221;left&#8221; header_2_font_size=&#8221;2.5em&#8221; header_2_line_height=&#8221;1.1em&#8221; background_layout=&#8221;dark&#8221; custom_margin=&#8221;||2em||false|false&#8221; header_2_font_size_tablet=&#8221;3em&#8221; header_2_font_size_phone=&#8221;2em&#8221; header_2_font_size_last_edited=&#8221;on|phone&#8221; locked=&#8221;off&#8221; global_colors_info=&#8221;{}&#8221;]<\/p>\n<h2>Advantages of working with Wagner PrivatChef<\/h2>\n<p>[\/et_pb_text][et_pb_blurb title=&#8221;More visibility&#8221; use_icon=&#8221;on&#8221; font_icon=&#8221;&#xf50c;||fa||400&#8243; icon_color=&#8221;#D9BF91&#8243; icon_placement=&#8221;left&#8221; content_max_width=&#8221;80%&#8221; content_max_width_tablet=&#8221;80%&#8221; content_max_width_phone=&#8221;100%&#8221; content_max_width_last_edited=&#8221;on|phone&#8221; _builder_version=&#8221;4.27.5&#8243; _module_preset=&#8221;default&#8221; header_level=&#8221;h3&#8243; header_font_size=&#8221;1.5em&#8221; body_font=&#8221;|300|||||||&#8221; background_layout=&#8221;dark&#8221; custom_margin=&#8221;||1.5em||false|false&#8221; global_colors_info=&#8221;{}&#8221;]<\/p>\n<p>Present your products to an interested audience of gourmets.<\/p>\n<p>[\/et_pb_blurb][et_pb_blurb title=&#8221;Live showcookings &amp; tastings&#8221; use_icon=&#8221;on&#8221; font_icon=&#8221;&#xf50c;||fa||400&#8243; icon_color=&#8221;#D9BF91&#8243; icon_placement=&#8221;left&#8221; content_max_width=&#8221;80%&#8221; content_max_width_tablet=&#8221;80%&#8221; content_max_width_phone=&#8221;100%&#8221; content_max_width_last_edited=&#8221;on|phone&#8221; _builder_version=&#8221;4.27.5&#8243; _module_preset=&#8221;default&#8221; header_level=&#8221;h3&#8243; header_font_size=&#8221;1.5em&#8221; body_font=&#8221;|300|||||||&#8221; background_layout=&#8221;dark&#8221; custom_margin=&#8221;||1.5em||false|false&#8221; global_colors_info=&#8221;{}&#8221;]<\/p>\n<p>Experience your products in action, combined with small dishes and tapas.<\/p>\n<p>[\/et_pb_blurb][et_pb_blurb title=&#8221;Recipe ideas &amp; applications&#8221; use_icon=&#8221;on&#8221; font_icon=&#8221;&#xf50c;||fa||400&#8243; icon_color=&#8221;#D9BF91&#8243; icon_placement=&#8221;left&#8221; content_max_width=&#8221;80%&#8221; content_max_width_tablet=&#8221;80%&#8221; content_max_width_phone=&#8221;100%&#8221; content_max_width_last_edited=&#8221;on|phone&#8221; _builder_version=&#8221;4.27.5&#8243; _module_preset=&#8221;default&#8221; header_level=&#8221;h3&#8243; header_font_size=&#8221;1.5em&#8221; body_font=&#8221;|300|||||||&#8221; background_layout=&#8221;dark&#8221; custom_margin=&#8221;||1.5em||false|false&#8221; global_colors_info=&#8221;{}&#8221;]<\/p>\n<p>Creative inspiration and practical tips straight from the boss.<\/p>\n<p>[\/et_pb_blurb][et_pb_blurb title=&#8221;  Gastronomic know\/how&#8221; use_icon=&#8221;on&#8221; font_icon=&#8221;&#xf50c;||fa||400&#8243; icon_color=&#8221;#D9BF91&#8243; icon_placement=&#8221;left&#8221; content_max_width=&#8221;80%&#8221; content_max_width_tablet=&#8221;80%&#8221; content_max_width_phone=&#8221;100%&#8221; content_max_width_last_edited=&#8221;on|phone&#8221; _builder_version=&#8221;4.27.5&#8243; _module_preset=&#8221;default&#8221; header_level=&#8221;h3&#8243; header_font_size=&#8221;1.5em&#8221; body_font=&#8221;|300|||||||&#8221; background_layout=&#8221;dark&#8221; custom_margin=&#8221;||1.5em||false|false&#8221; global_colors_info=&#8221;{}&#8221;]<\/p>\n<p>Expert explanations on taste, texture and use.<\/p>\n<p>[\/et_pb_blurb][et_pb_blurb title=&#8221;New contacts &amp; cooperations&#8221; use_icon=&#8221;on&#8221; font_icon=&#8221;&#xf50c;||fa||400&#8243; icon_color=&#8221;#D9BF91&#8243; icon_placement=&#8221;left&#8221; content_max_width=&#8221;80%&#8221; content_max_width_tablet=&#8221;80%&#8221; content_max_width_phone=&#8221;100%&#8221; content_max_width_last_edited=&#8221;on|phone&#8221; _builder_version=&#8221;4.27.5&#8243; _module_preset=&#8221;default&#8221; header_level=&#8221;h3&#8243; header_font_size=&#8221;1.5em&#8221; body_font=&#8221;|300|||||||&#8221; background_layout=&#8221;dark&#8221; custom_margin=&#8221;||1.5em||false|false&#8221; global_colors_info=&#8221;{}&#8221;]<\/p>\n<p>Meet producers, traders and restaurateurs.<\/p>\n<p>[\/et_pb_blurb][et_pb_blurb title=&#8221;Content &amp; marketing benefits&#8221; use_icon=&#8221;on&#8221; font_icon=&#8221;&#xf50c;||fa||400&#8243; icon_color=&#8221;#D9BF91&#8243; icon_placement=&#8221;left&#8221; content_max_width=&#8221;80%&#8221; content_max_width_tablet=&#8221;80%&#8221; content_max_width_phone=&#8221;100%&#8221; content_max_width_last_edited=&#8221;on|phone&#8221; _builder_version=&#8221;4.27.5&#8243; _module_preset=&#8221;default&#8221; header_level=&#8221;h3&#8243; header_font_size=&#8221;1.5em&#8221; body_font=&#8221;|300|||||||&#8221; background_layout=&#8221;dark&#8221; custom_margin=&#8221;||1.5em||false|false&#8221; global_colors_info=&#8221;{}&#8221;]<\/p>\n<p>Shared photos, videos and social media posts.<\/p>\n<p>[\/et_pb_blurb][et_pb_blurb title=&#8221;Charming studio in the heart of Bern&#8221; use_icon=&#8221;on&#8221; font_icon=&#8221;&#xf50c;||fa||400&#8243; icon_color=&#8221;#D9BF91&#8243; icon_placement=&#8221;left&#8221; content_max_width=&#8221;80%&#8221; content_max_width_tablet=&#8221;80%&#8221; content_max_width_phone=&#8221;100%&#8221; content_max_width_last_edited=&#8221;on|phone&#8221; _builder_version=&#8221;4.27.5&#8243; _module_preset=&#8221;default&#8221; header_level=&#8221;h3&#8243; header_font_size=&#8221;1.5em&#8221; body_font=&#8221;|300|||||||&#8221; background_layout=&#8221;dark&#8221; custom_margin=&#8221;||||false|false&#8221; global_colors_info=&#8221;{}&#8221;]<\/p>\n<p>Gerechtigkeitsgasse 57 &#8211; a place to enjoy and network.<\/p>\n<p>[\/et_pb_blurb][\/et_pb_column][\/et_pb_row][\/et_pb_section][et_pb_section fb_built=&#8221;1&#8243; _builder_version=&#8221;4.27.5&#8243; _module_preset=&#8221;default&#8221; background_color=&#8221;#F0EDEA&#8221; global_colors_info=&#8221;{}&#8221;][et_pb_row _builder_version=&#8221;4.27.5&#8243; _module_preset=&#8221;default&#8221; global_colors_info=&#8221;{}&#8221;][et_pb_column type=&#8221;4_4&#8243; _builder_version=&#8221;4.27.5&#8243; _module_preset=&#8221;default&#8221; global_colors_info=&#8221;{}&#8221;][et_pb_text _builder_version=&#8221;4.27.5&#8243; _module_preset=&#8221;default&#8221; header_2_font=&#8221;|||on|||||&#8221; header_2_text_align=&#8221;left&#8221; header_2_font_size=&#8221;2.5em&#8221; header_2_line_height=&#8221;1.1em&#8221; custom_margin=&#8221;||2em||false|false&#8221; header_2_font_size_tablet=&#8221;3em&#8221; header_2_font_size_phone=&#8221;1.5em&#8221; header_2_font_size_last_edited=&#8221;on|phone&#8221; global_colors_info=&#8221;{}&#8221;]<\/p>\n<h2>Our cooperation partners<\/h2>\n<p>[\/et_pb_text][dipi_carousel columns=&#8221;3&#8243; container_padding=&#8221;30px|30px|30px|30px|false|false&#8221; loop_wide=&#8221;on&#8221; autoplay_wide=&#8221;on&#8221; show_lightbox=&#8221;off&#8221; navigation=&#8221;on&#8221; navigation_prev_icon_yn=&#8221;on&#8221; navigation_prev_icon=&#8221;&#x23;||divi||400&#8243; navigation_next_icon_yn=&#8221;on&#8221; navigation_next_icon=&#8221;&#x24;||divi||400&#8243; navigation_size=&#8221;24&#8243; navigation_padding=&#8221;20&#8243; navigation_color=&#8221;#D9BF91&#8243; navigation_bg_color=&#8221;#000000&#8243; navigation_position_left=&#8221;-40px&#8221; navigation_position_right=&#8221;-25px&#8221; columns_tablet=&#8221;1&#8243; columns_phone=&#8221;1&#8243; columns_last_edited=&#8221;on|tablet&#8221; container_padding_tablet=&#8221;30px|30px|30px|30px|false|false&#8221; container_padding_phone=&#8221;0px|20px|0px|20px|true|true&#8221; container_padding_last_edited=&#8221;on|phone&#8221; navigation_size_tablet=&#8221;24&#8243; navigation_size_phone=&#8221;24&#8243; navigation_size_last_edited=&#8221;on|phone&#8221; navigation_padding_tablet=&#8221;20&#8243; navigation_padding_phone=&#8221;15&#8243; navigation_padding_last_edited=&#8221;on|phone&#8221; navigation_position_left_tablet=&#8221;-40px&#8221; navigation_position_left_phone=&#8221;-25px&#8221; navigation_position_left_last_edited=&#8221;on|phone&#8221; _builder_version=&#8221;4.27.5&#8243; _module_preset=&#8221;default&#8221; title_font=&#8221;||||||||&#8221; title_text_align=&#8221;center&#8221; title_font_size=&#8221;2em&#8221; desc_text_align=&#8221;center&#8221; desc_font_size=&#8221;14px&#8221; desc_line_height=&#8221;1.6em&#8221; global_colors_info=&#8221;{}&#8221;][dipi_carousel_child label=&#8221;Wagnergrills&#8221; img_src=&#8221;https:\/\/wagnerculinaryexperiences.com\/wp-content\/uploads\/2026\/02\/logo-wagnergrills.png&#8221; img_alt=&#8221;Logo Wagnergrills&#8221; title_text=&#8221;Wagner grills&#8221; desc_text=&#8221;<\/p>\n<p>Wagnergrills is a family-run company based in Madrid that produces high-quality, handmade barbecues with a modern design and durable materials. Ideal for barbecue lovers who appreciate quality, precision and enjoyment. <\/p>\n<p>&#8221; img_width=&#8221;80%&#8221; image_icon_margin=&#8221;30px||||false|false&#8221; _builder_version=&#8221;4.27.5&#8243; _module_preset=&#8221;default&#8221; background_color=&#8221;#FFFFFF&#8221; background_enable_color=&#8221;on&#8221; custom_padding=&#8221;|10px||10px|false|true&#8221; global_colors_info=&#8221;{}&#8221;][\/dipi_carousel_child][dipi_carousel_child label=&#8221;\u00d6l &#038; Vinegar&#8221; img_src=&#8221;https:\/\/wagnerculinaryexperiences.com\/wp-content\/uploads\/2026\/02\/logo-oli-vinegar.png&#8221; img_alt=&#8221;Logo Oil &amp; Vinegar&#8221; title_text=&#8221;Oil &amp; Vinegar&#8221; desc_text=&#8221;<\/p>\n<p>Oil &amp; Vinegar is an international franchise company with a focus on delicatessen, offering high-quality oils, vinegars and Mediterranean specialties for customers to sample on site.<\/p>\n<p>&#8221; img_width=&#8221;50%&#8221; image_icon_margin=&#8221;30px||||false|false&#8221; _builder_version=&#8221;4.27.5&#8243; _module_preset=&#8221;default&#8221; background_color=&#8221;#FFFFFF&#8221; background_enable_color=&#8221;on&#8221; custom_padding=&#8221;|10px||10px|false|true&#8221; global_colors_info=&#8221;{}&#8221;][\/dipi_carousel_child][dipi_carousel_child label=&#8221;Reyno gourmet&#8221; img_src=&#8221;https:\/\/wagnerculinaryexperiences.com\/wp-content\/uploads\/2026\/02\/logo-reyno-gourmet.png&#8221; img_alt=&#8221;Logo Reyno gourmet&#8221; title_text=&#8221;Reyno gourmet&#8221; desc_text=&#8221;<\/p>\n<p>Reyno Gourmet is a quality brand from Navarre that distinguishes high-quality regional products with guaranteed proof of origin. It bundles products such as peppers, asparagus and cheese and stands for authenticity and top quality. <\/p>\n<p>&#8221; img_width=&#8221;50%&#8221; image_icon_margin=&#8221;30px||||false|false&#8221; _builder_version=&#8221;4.27.5&#8243; _module_preset=&#8221;default&#8221; background_color=&#8221;#FFFFFF&#8221; background_enable_color=&#8221;on&#8221; custom_padding=&#8221;|10px||10px|false|true&#8221; global_colors_info=&#8221;{}&#8221;][\/dipi_carousel_child][dipi_carousel_child label=&#8221;Martiko&#8221; img_src=&#8221;https:\/\/wagnerculinaryexperiences.com\/wp-content\/uploads\/2026\/02\/logo-martiko.png&#8221; img_alt=&#8221;Logo Martiko&#8221; title_text=&#8221;Martiko&#8221; desc_text=&#8221;<\/p>\n<p>Martiko is a family-run company from Navarre that was founded in 1986 and specializes in duck products and smoked fish. The company operates several production centers in Navarre and distributes its gourmet products internationally. <\/p>\n<p>&#8221; img_width=&#8221;65%&#8221; image_icon_margin=&#8221;30px||||false|false&#8221; _builder_version=&#8221;4.27.5&#8243; _module_preset=&#8221;default&#8221; background_color=&#8221;#FFFFFF&#8221; background_enable_color=&#8221;on&#8221; custom_padding=&#8221;|10px||10px|false|true&#8221; global_colors_info=&#8221;{}&#8221;][\/dipi_carousel_child][dipi_carousel_child label=&#8221;etxenike&#8221; img_src=&#8221;https:\/\/wagnerculinaryexperiences.com\/wp-content\/uploads\/2026\/02\/logo-etrenike.png&#8221; img_alt=&#8221;Logo etxenike&#8221; title_text=&#8221;Etxenike&#8221; desc_text=&#8221;<\/p>\n<p>Etxenike is an artisan food company based in Navarra\/Ksk Pirineo that has specialized in high-quality duck, goose and smoked products since the early 1990s. The company stands for traditional production, strict quality controls and exports its delicatessen products to several countries. <\/p>\n<p>&#8221; img_width=&#8221;60%&#8221; image_icon_margin=&#8221;30px||||false|false&#8221; _builder_version=&#8221;4.27.5&#8243; _module_preset=&#8221;default&#8221; background_color=&#8221;#FFFFFF&#8221; background_enable_color=&#8221;on&#8221; custom_padding=&#8221;|10px||10px|false|true&#8221; global_colors_info=&#8221;{}&#8221;][\/dipi_carousel_child][dipi_carousel_child label=&#8221;El navarrico&#8221; img_src=&#8221;https:\/\/wagnerculinaryexperiences.com\/wp-content\/uploads\/2026\/02\/Logo-El-Navarrico.png&#8221; img_alt=&#8221;Logo El navarrico&#8221; title_text=&#8221;El navarrico&#8221; desc_text=&#8221;<\/p>\n<p>El Navarrico is a family-run company based in San Adri\u00e1n, Navarra, which has been producing high-quality canned vegetables and fruit since 1960.<\/p>\n<p>&#8221; img_width=&#8221;60%&#8221; image_icon_margin=&#8221;30px||||false|false&#8221; _builder_version=&#8221;4.27.5&#8243; _module_preset=&#8221;default&#8221; background_color=&#8221;#FFFFFF&#8221; background_enable_color=&#8221;on&#8221; custom_padding=&#8221;|10px||10px|false|true&#8221; global_colors_info=&#8221;{}&#8221;][\/dipi_carousel_child][dipi_carousel_child label=&#8221;Hortanco&#8221; img_src=&#8221;https:\/\/wagnerculinaryexperiences.com\/wp-content\/uploads\/2026\/02\/logo-hortanco.png&#8221; img_alt=&#8221;Logo Hortanco&#8221; title_text=&#8221;Hortanco&#8221; desc_text=&#8221;<\/p>\n<p>Embutidos Hortanco is a family-run company based in Tafalla (Navarra) that has been producing high-quality, artisan sausage and ham specialties for over 80 years. It is characterized by additive-free production, the use of natural casings and awards and quality seals such as Reyno Gourmet and Alimentos Artesanos de Navarra. <\/p>\n<p>&#8221; img_width=&#8221;50%&#8221; image_icon_margin=&#8221;30px||||false|false&#8221; _builder_version=&#8221;4.27.5&#8243; _module_preset=&#8221;default&#8221; background_color=&#8221;#FFFFFF&#8221; background_enable_color=&#8221;on&#8221; custom_padding=&#8221;|10px||10px|false|true&#8221; global_colors_info=&#8221;{}&#8221;][\/dipi_carousel_child][dipi_carousel_child label=&#8221;Ekolo&#8221; img_src=&#8221;https:\/\/wagnerculinaryexperiences.com\/wp-content\/uploads\/2026\/02\/logo-ekolo-redondo-naturalmente.png&#8221; img_alt=&#8221;Logo Ekolo&#8221; title_text=&#8221;Ekolo&#8221; desc_text=&#8221;<\/p>\n<p>\u00c9kolo Productos Ecol\u00f3gicos, S.A. is a company based in Arr\u00f3niz (Navarra) that specializes in the production of 100% organic products &#8211; especially juices, jams, vegetable preserves and olive oil.<br \/>It only uses ingredients from organic farming, avoids additives and pursues a strong sustainability and environmental concept.<\/p>\n<p>&#8221; img_width=&#8221;50%&#8221; image_icon_margin=&#8221;30px||||false|false&#8221; _builder_version=&#8221;4.27.5&#8243; _module_preset=&#8221;default&#8221; background_color=&#8221;#FFFFFF&#8221; background_enable_color=&#8221;on&#8221; custom_padding=&#8221;|10px||10px|false|true&#8221; global_colors_info=&#8221;{}&#8221;][\/dipi_carousel_child][dipi_carousel_child label=&#8221;Artajo&#8221; img_src=&#8221;https:\/\/wagnerculinaryexperiences.com\/wp-content\/uploads\/2026\/02\/logo-Artajo.png&#8221; img_alt=&#8221;Logo Artajo&#8221; title_text=&#8221;Artajo&#8221; desc_text=&#8221;<\/p>\n<p>Artajo is a family-run company based in Fontellas (Navarra) that produces high-quality organic extra virgin olive oils. It combines traditional olive growing culture and modern sustainability methods, with numerous awards for excellence. <\/p>\n<p>&#8221; img_width=&#8221;50%&#8221; image_icon_margin=&#8221;30px||||false|false&#8221; _builder_version=&#8221;4.27.5&#8243; _module_preset=&#8221;default&#8221; background_color=&#8221;#FFFFFF&#8221; background_enable_color=&#8221;on&#8221; custom_padding=&#8221;|10px||10px|false|true&#8221; global_colors_info=&#8221;{}&#8221;][\/dipi_carousel_child][\/dipi_carousel][\/et_pb_column][\/et_pb_row][\/et_pb_section]<\/p>\n","protected":false},"excerpt":{"rendered":"<p>Trade partnersHere you will find the small artisan businesses that I work with and whose products I value highly. Each partner shares my commitment to quality, organic products, transparency and respect for the artisanal process. Together we make authentic and responsible work possible. Are you a company and would like to work with me?Get in [&hellip;]<\/p>\n","protected":false},"author":2,"featured_media":0,"parent":0,"menu_order":0,"comment_status":"closed","ping_status":"closed","template":"","meta":{"_acf_changed":false,"_et_pb_use_builder":"on","_et_pb_old_content":"","_et_gb_content_width":"","footnotes":""},"class_list":["post-2640","page","type-page","status-publish","hentry"],"acf":[],"_links":{"self":[{"href":"https:\/\/wagnerculinaryexperiences.com\/en\/wp-json\/wp\/v2\/pages\/2640","targetHints":{"allow":["GET"]}}],"collection":[{"href":"https:\/\/wagnerculinaryexperiences.com\/en\/wp-json\/wp\/v2\/pages"}],"about":[{"href":"https:\/\/wagnerculinaryexperiences.com\/en\/wp-json\/wp\/v2\/types\/page"}],"author":[{"embeddable":true,"href":"https:\/\/wagnerculinaryexperiences.com\/en\/wp-json\/wp\/v2\/users\/2"}],"replies":[{"embeddable":true,"href":"https:\/\/wagnerculinaryexperiences.com\/en\/wp-json\/wp\/v2\/comments?post=2640"}],"version-history":[{"count":4,"href":"https:\/\/wagnerculinaryexperiences.com\/en\/wp-json\/wp\/v2\/pages\/2640\/revisions"}],"predecessor-version":[{"id":2652,"href":"https:\/\/wagnerculinaryexperiences.com\/en\/wp-json\/wp\/v2\/pages\/2640\/revisions\/2652"}],"wp:attachment":[{"href":"https:\/\/wagnerculinaryexperiences.com\/en\/wp-json\/wp\/v2\/media?parent=2640"}],"curies":[{"name":"wp","href":"https:\/\/api.w.org\/{rel}","templated":true}]}}