{"id":2614,"date":"2026-03-17T14:56:36","date_gmt":"2026-03-17T13:56:36","guid":{"rendered":"https:\/\/wagnerculinaryexperiences.com\/conditions-generales-de-vente-cgv\/"},"modified":"2026-03-24T18:25:12","modified_gmt":"2026-03-24T17:25:12","slug":"conditions-generales-de-vente-cgv","status":"publish","type":"page","link":"https:\/\/wagnerculinaryexperiences.com\/fr\/conditions-generales-de-vente-cgv\/","title":{"rendered":"Conditions g\u00e9n\u00e9rales de vente (CGV)"},"content":{"rendered":"<p>[et_pb_section fb_built=\u00a0\u00bb1&Prime; custom_padding_last_edited=\u00a0\u00bbon|desktop\u00a0\u00bb _builder_version=\u00a0\u00bb4.27.5&Prime; _module_preset=\u00a0\u00bbdefault\u00a0\u00bb background_color=\u00a0\u00bb#000000&Prime; custom_padding=\u00a0\u00bb10%||0px||false|false\u00a0\u00bb custom_padding_tablet=\u00a0\u00bb12%||||false|false\u00a0\u00bb custom_padding_phone=\u00a0\u00bb25%||||false|false\u00a0\u00bb hover_enabled=\u00a0\u00bb0&Prime; global_colors_info=\u00a0\u00bb{}\u00a0\u00bb locked=\u00a0\u00bboff\u00a0\u00bb sticky_enabled=\u00a0\u00bb0&Prime;][et_pb_row _builder_version=\u00a0\u00bb4.27.5&Prime; _module_preset=\u00a0\u00bbdefault\u00a0\u00bb global_colors_info=\u00a0\u00bb{}\u00a0\u00bb][et_pb_column type=\u00a0\u00bb4_4&Prime; _builder_version=\u00a0\u00bb4.27.5&Prime; _module_preset=\u00a0\u00bbdefault\u00a0\u00bb global_colors_info=\u00a0\u00bb{}\u00a0\u00bb][et_pb_text _builder_version=\u00a0\u00bb4.27.5&Prime; _module_preset=\u00a0\u00bbdefault\u00a0\u00bb hover_enabled=\u00a0\u00bb0&Prime; global_colors_info=\u00a0\u00bb{}\u00a0\u00bb background_layout=\u00a0\u00bbdark\u00a0\u00bb sticky_enabled=\u00a0\u00bb0&Prime;]<\/p>\n<h1>Conditions g\u00e9n\u00e9rales de vente (CGV)<\/h1>\n<p><span style=\"font-weight: 400;\">Stav Wagner &#8211; Private Chef &amp; Events | Mise \u00e0 jour : mars 2026<\/span><\/p>\n<p>[\/et_pb_text][\/et_pb_column][\/et_pb_row][\/et_pb_section][et_pb_section fb_built=\u00a0\u00bb1&Prime; custom_padding_last_edited=\u00a0\u00bboff|desktop\u00a0\u00bb _builder_version=\u00a0\u00bb4.27.5&Prime; _module_preset=\u00a0\u00bbdefault\u00a0\u00bb background_color=\u00a0\u00bb#F0EDEA\u00a0\u00bb custom_padding_tablet=\u00a0\u00bb12%||||false|false\u00a0\u00bb custom_padding_phone=\u00a0\u00bb25%||||false|false\u00a0\u00bb hover_enabled=\u00a0\u00bb0&Prime; global_colors_info=\u00a0\u00bb{}\u00a0\u00bb locked=\u00a0\u00bboff\u00a0\u00bb sticky_enabled=\u00a0\u00bb0&Prime; custom_padding=\u00a0\u00bb0px||||false|false\u00a0\u00bb][et_pb_row _builder_version=\u00a0\u00bb4.27.5&Prime; _module_preset=\u00a0\u00bbdefault\u00a0\u00bb global_colors_info=\u00a0\u00bb{}\u00a0\u00bb][et_pb_column type=\u00a0\u00bb4_4&Prime; _builder_version=\u00a0\u00bb4.27.5&Prime; _module_preset=\u00a0\u00bbdefault\u00a0\u00bb global_colors_info=\u00a0\u00bb{}\u00a0\u00bb][et_pb_text _builder_version=\u00a0\u00bb4.27.5&Prime; _module_preset=\u00a0\u00bbdefault\u00a0\u00bb hover_enabled=\u00a0\u00bb0&Prime; global_colors_info=\u00a0\u00bb{}\u00a0\u00bb sticky_enabled=\u00a0\u00bb0&Prime;]<\/p>\n<h2><b>1) Champ d&rsquo;application<\/b><\/h2>\n<p><span style=\"font-weight: 400;\">Les pr\u00e9sentes conditions g\u00e9n\u00e9rales r\u00e9gissent les relations commerciales entre Stav Wagner, Gerechtigkeitsgasse 57, 3011 Berne (ci-apr\u00e8s le \u00ab\u00a0fournisseur\u00a0\u00bb) et les clients qui r\u00e9servent des prestations dans le domaine des \u00e9v\u00e9nements culinaires priv\u00e9s et du catering (ci-apr\u00e8s le \u00ab\u00a0client\u00a0\u00bb).<\/span><\/p>\n<p><span style=\"font-weight: 400;\">Les conditions divergentes du client ne s&rsquo;appliquent que si le fournisseur les a express\u00e9ment accept\u00e9es par \u00e9crit.<\/span><\/p>\n<h2><b>2. offre de services<\/b><\/h2>\n<p><span style=\"font-weight: 400;\">Le prestataire propose des \u00e9v\u00e9nements culinaires priv\u00e9s, des d\u00eeners exp\u00e9rimentaux et des services de restauration. L&rsquo;\u00e9tendue exacte de la prestation (menu, nombre d&rsquo;invit\u00e9s, lieu, date et demandes sp\u00e9ciales) est convenue individuellement et fait l&rsquo;objet d&rsquo;une confirmation de commande \u00e9crite. <\/span><\/p>\n<h2><b>3. r\u00e9servation et conclusion du contrat<\/b><\/h2>\n<p><span style=\"font-weight: 400;\">Une r\u00e9servation est consid\u00e9r\u00e9e comme ferme d\u00e8s que le client a re\u00e7u une confirmation de commande \u00e9crite de la part du fournisseur. Le contrat est conclu \u00e0 la r\u00e9ception de la confirmation. Les demandes effectu\u00e9es via le formulaire du site web ne constituent pas une offre ferme.  <\/span><\/p>\n<h2><b>4. prix et paiement<\/b><\/h2>\n<p><span style=\"font-weight: 400;\">Tous les prix sont indiqu\u00e9s en francs suisses (CHF) et comprennent les \u00e9ventuels frais de mat\u00e9riel, sauf accord contraire. Le fournisseur n&rsquo;\u00e9tant pas assujetti \u00e0 la TVA, aucune TVA n&rsquo;est indiqu\u00e9e. <\/span><\/p>\n<p><span style=\"font-weight: 400;\">Conditions de paiement :<\/span><\/p>\n<ul>\n<li style=\"font-weight: 400;\" aria-level=\"1\"><span style=\"font-weight: 400;\">50 % d&rsquo;acompte \u00e0 la confirmation de la commande<\/span><\/li>\n<li style=\"font-weight: 400;\" aria-level=\"1\"><span style=\"font-weight: 400;\">50 % du solde au plus tard 7 jours avant l&rsquo;\u00e9v\u00e9nement<\/span><\/li>\n<\/ul>\n<p><span style=\"font-weight: 400;\">Les frais suppl\u00e9mentaires (par exemple, les frais de mat\u00e9riel suppl\u00e9mentaires non pr\u00e9vus) seront factur\u00e9s apr\u00e8s accord.<\/span><\/p>\n<h2><b>5) Annulation et d\u00e9sistement<\/b><\/h2>\n<p><span style=\"font-weight: 400;\">Les annulations doivent \u00eatre communiqu\u00e9es par \u00e9crit par e-mail. Les conditions d&rsquo;annulation suivantes s&rsquo;appliquent : <\/span><\/p>\n<ul>\n<li style=\"font-weight: 400;\" aria-level=\"1\"><span style=\"font-weight: 400;\">Plus de 30 jours avant l&rsquo;\u00e9v\u00e9nement : remboursement int\u00e9gral de l&rsquo;acompte<\/span><\/li>\n<li style=\"font-weight: 400;\" aria-level=\"1\"><span style=\"font-weight: 400;\">15-30 jours avant l&rsquo;\u00e9v\u00e9nement : 50 % de l&rsquo;acompte sera retenu<\/span><\/li>\n<li style=\"font-weight: 400;\" aria-level=\"1\"><span style=\"font-weight: 400;\">Moins de 15 jours avant l&rsquo;\u00e9v\u00e9nement : pas de remboursement<\/span><\/li>\n<\/ul>\n<p><span style=\"font-weight: 400;\">Le fournisseur se r\u00e9serve le droit d&rsquo;annuler un \u00e9v\u00e9nement pour une raison importante (maladie, force majeure). Dans ce cas, l&rsquo;acompte est int\u00e9gralement rembours\u00e9. Toute autre r\u00e9clamation du client est exclue.<\/span><\/p>\n<h2><b>6. obligations du client<\/b><\/h2>\n<p><span style=\"font-weight: 400;\">Le client s&rsquo;engage<\/span><\/p>\n<ul>\n<li style=\"font-weight: 400;\" aria-level=\"1\"><span style=\"font-weight: 400;\">communiquer toutes les informations pertinentes (allergies, intol\u00e9rances, nombre d&rsquo;invit\u00e9s) \u00e0 temps et de mani\u00e8re compl\u00e8te<\/span><\/li>\n<li style=\"font-weight: 400;\" aria-level=\"1\"><span style=\"font-weight: 400;\">Fournir un lieu appropri\u00e9 et accessible pour l&rsquo;\u00e9v\u00e9nement<\/span><\/li>\n<li style=\"font-weight: 400;\" aria-level=\"1\"><span style=\"font-weight: 400;\">Fournir la cuisine et l&rsquo;infrastructure convenues<\/span><\/li>\n<\/ul>\n<p><span style=\"font-weight: 400;\">Le client est responsable des dommages caus\u00e9s par des informations incompl\u00e8tes ou erron\u00e9es.<\/span><\/p>\n<h2><b>7. responsabilit\u00e9<\/b><\/h2>\n<p><span style=\"font-weight: 400;\">Le fournisseur n&rsquo;est responsable qu&rsquo;en cas de n\u00e9gligence grave ou de faute intentionnelle. La responsabilit\u00e9 en cas de n\u00e9gligence l\u00e9g\u00e8re et de dommages indirects ou cons\u00e9cutifs est exclue, dans la mesure o\u00f9 la loi le permet. La responsabilit\u00e9 pour les dommages caus\u00e9s par des allergies ou des intol\u00e9rances qui n&rsquo;ont pas \u00e9t\u00e9 signal\u00e9es au fournisseur est express\u00e9ment exclue.<\/span><\/p>\n<h2><b>8. droits d&rsquo;auteur et photos<\/b><\/h2>\n<p><span style=\"font-weight: 400;\">Tous les contenus (textes, photos, recettes) figurant sur le site et dans les offres sont prot\u00e9g\u00e9s par des droits d&rsquo;auteur et ne peuvent \u00eatre utilis\u00e9s sans l&rsquo;autorisation \u00e9crite expresse du fournisseur.<\/span><\/p>\n<p><span style=\"font-weight: 400;\">Le fournisseur se r\u00e9serve le droit d&rsquo;utiliser des photos d&rsquo;\u00e9v\u00e9nements (sans personnes reconnaissables) \u00e0 des fins de marketing, sauf si le client s&rsquo;y oppose express\u00e9ment.<\/span><\/p>\n<h2><b>9) Droit applicable et juridiction comp\u00e9tente<\/b><\/h2>\n<p><span style=\"font-weight: 400;\">Seul le droit suisse est applicable. Le lieu de juridiction pour tout litige est Berne, Suisse, sauf accord contraire.<\/span><\/p>\n<h2><b>10) Clause de sauvegarde<\/b><\/h2>\n<p><span style=\"font-weight: 400;\">Si l&rsquo;une des dispositions des pr\u00e9sentes CGU est ou devient invalide ou inapplicable, cela n&rsquo;affectera pas la validit\u00e9 des autres dispositions. La disposition invalide est remplac\u00e9e par une disposition valide qui se rapproche le plus possible de l&rsquo;objectif \u00e9conomique de la disposition initiale.<\/span><\/p>\n<h2><b>11. contact<\/b><\/h2>\n<p><span style=\"font-weight: 400;\">Stav Wagner | privatechef.wagner@gmail.com | +41 76 296 97 02<\/span><\/p>\n<p>[\/et_pb_text][\/et_pb_column][\/et_pb_row][\/et_pb_section]<\/p>\n","protected":false},"excerpt":{"rendered":"<p>Conditions g\u00e9n\u00e9rales de vente (CGV) Stav Wagner &#8211; Private Chef &amp; Events | Mise \u00e0 jour : mars 20261) Champ d&rsquo;application Les pr\u00e9sentes conditions g\u00e9n\u00e9rales r\u00e9gissent les relations commerciales entre Stav Wagner, Gerechtigkeitsgasse 57, 3011 Berne (ci-apr\u00e8s le \u00ab\u00a0fournisseur\u00a0\u00bb) et les clients qui r\u00e9servent des prestations dans le domaine des \u00e9v\u00e9nements culinaires priv\u00e9s et du [&hellip;]<\/p>\n","protected":false},"author":2,"featured_media":0,"parent":0,"menu_order":0,"comment_status":"closed","ping_status":"closed","template":"","meta":{"_acf_changed":false,"_et_pb_use_builder":"on","_et_pb_old_content":"","_et_gb_content_width":"","footnotes":""},"class_list":["post-2614","page","type-page","status-publish","hentry"],"acf":[],"_links":{"self":[{"href":"https:\/\/wagnerculinaryexperiences.com\/fr\/wp-json\/wp\/v2\/pages\/2614","targetHints":{"allow":["GET"]}}],"collection":[{"href":"https:\/\/wagnerculinaryexperiences.com\/fr\/wp-json\/wp\/v2\/pages"}],"about":[{"href":"https:\/\/wagnerculinaryexperiences.com\/fr\/wp-json\/wp\/v2\/types\/page"}],"author":[{"embeddable":true,"href":"https:\/\/wagnerculinaryexperiences.com\/fr\/wp-json\/wp\/v2\/users\/2"}],"replies":[{"embeddable":true,"href":"https:\/\/wagnerculinaryexperiences.com\/fr\/wp-json\/wp\/v2\/comments?post=2614"}],"version-history":[{"count":4,"href":"https:\/\/wagnerculinaryexperiences.com\/fr\/wp-json\/wp\/v2\/pages\/2614\/revisions"}],"predecessor-version":[{"id":2620,"href":"https:\/\/wagnerculinaryexperiences.com\/fr\/wp-json\/wp\/v2\/pages\/2614\/revisions\/2620"}],"wp:attachment":[{"href":"https:\/\/wagnerculinaryexperiences.com\/fr\/wp-json\/wp\/v2\/media?parent=2614"}],"curies":[{"name":"wp","href":"https:\/\/api.w.org\/{rel}","templated":true}]}}