{"id":2625,"date":"2026-02-02T19:55:08","date_gmt":"2026-02-02T18:55:08","guid":{"rendered":"https:\/\/wagnerculinaryexperiences.com\/atelier-lieu-devenement\/"},"modified":"2026-04-14T12:24:53","modified_gmt":"2026-04-14T10:24:53","slug":"atelier-lieu-devenement","status":"publish","type":"page","link":"https:\/\/wagnerculinaryexperiences.com\/fr\/atelier-lieu-devenement\/","title":{"rendered":"Atelier &amp; lieu d&rsquo;\u00e9v\u00e9nement"},"content":{"rendered":"<p>[et_pb_section fb_built=\u00a0\u00bb1&Prime; custom_padding_last_edited=\u00a0\u00bbon|phone\u00a0\u00bb _builder_version=\u00a0\u00bb4.27.5&Prime; _module_preset=\u00a0\u00bbdefault\u00a0\u00bb background_enable_color=\u00a0\u00bboff\u00a0\u00bb use_background_color_gradient=\u00a0\u00bbon\u00a0\u00bb background_color_gradient_stops=\u00a0\u00bb#000000 75%|#f0edea 75%\u00a0\u00bb custom_padding=\u00a0\u00bb12%||0px||false|false\u00a0\u00bb custom_padding_tablet=\u00a0\u00bb12%||||false|false\u00a0\u00bb custom_padding_phone=\u00a0\u00bb25%||||false|false\u00a0\u00bb background_last_edited=\u00a0\u00bbon|tablet\u00a0\u00bb use_background_color_gradient_tablet=\u00a0\u00bbon\u00a0\u00bb background_color_gradient_stops_tablet=\u00a0\u00bb#000000 90%|#f0edea 90%\u00a0\u00bb global_colors_info=\u00a0\u00bb{}\u00a0\u00bb][et_pb_row module_class=\u00a0\u00bbcol-reverse\u00a0\u00bb _builder_version=\u00a0\u00bb4.27.5&Prime; _module_preset=\u00a0\u00bbdefault\u00a0\u00bb global_colors_info=\u00a0\u00bb{}\u00a0\u00bb][et_pb_column type=\u00a0\u00bb4_4&Prime; _builder_version=\u00a0\u00bb4.27.5&Prime; _module_preset=\u00a0\u00bbdefault\u00a0\u00bb global_colors_info=\u00a0\u00bb{}\u00a0\u00bb][et_pb_text _builder_version=\u00a0\u00bb4.27.5&Prime; _module_preset=\u00a0\u00bbdefault\u00a0\u00bb header_font=\u00a0\u00bb|||on|||||\u00a0\u00bb header_font_size=\u00a0\u00bb4em\u00a0\u00bb text_orientation=\u00a0\u00bbcenter\u00a0\u00bb background_layout=\u00a0\u00bbdark\u00a0\u00bb header_font_size_tablet=\u00a0\u00bb4em\u00a0\u00bb header_font_size_phone=\u00a0\u00bb2em\u00a0\u00bb header_font_size_last_edited=\u00a0\u00bbon|phone\u00a0\u00bb global_colors_info=\u00a0\u00bb{}\u00a0\u00bb]<\/p>\n<h1>Atelier &amp; lieu d&rsquo;\u00e9v\u00e9nement<\/h1>\n<p>[\/et_pb_text][et_pb_text _builder_version=\u00a0\u00bb4.27.5&Prime; _module_preset=\u00a0\u00bbdefault\u00a0\u00bb header_font=\u00a0\u00bb|||on|||||\u00a0\u00bb header_font_size=\u00a0\u00bb4em\u00a0\u00bb text_orientation=\u00a0\u00bbjustified\u00a0\u00bb background_layout=\u00a0\u00bbdark\u00a0\u00bb width=\u00a0\u00bb60%\u00a0\u00bb width_tablet=\u00a0\u00bb100%\u00a0\u00bb width_phone=\u00a0\u00bb100%\u00a0\u00bb width_last_edited=\u00a0\u00bbon|phone\u00a0\u00bb module_alignment=\u00a0\u00bbcenter\u00a0\u00bb text_orientation_tablet=\u00a0\u00bbleft\u00a0\u00bb text_orientation_phone=\u00a0\u00bbleft\u00a0\u00bb text_orientation_last_edited=\u00a0\u00bbon|tablet\u00a0\u00bb global_colors_info=\u00a0\u00bb{}\u00a0\u00bb]<\/p>\n<p>Notre atelier et espace \u00e9v\u00e9nementiel offre le cadre id\u00e9al pour des exp\u00e9riences culinaires communes et des activit\u00e9s de groupe. Qu&rsquo;il s&rsquo;agisse de team building, de f\u00eates priv\u00e9es, d&rsquo;anniversaires, d&rsquo;\u00e9v\u00e9nements d&rsquo;entreprise ou d&rsquo;occasions sp\u00e9ciales, vous pouvez y vivre des moments uniques. <\/p>\n<p>Pour plus d&rsquo;informations ou pour r\u00e9server, vous pouvez nous contacter directement ou remplir les formulaires correspondants sur les pages respectives :<\/p>\n<p>[\/et_pb_text][\/et_pb_column][\/et_pb_row][et_pb_row column_structure=\u00a0\u00bb1_3,1_3,1_3&Prime; use_custom_gutter=\u00a0\u00bbon\u00a0\u00bb gutter_width=\u00a0\u00bb2&Prime; _builder_version=\u00a0\u00bb4.27.5&Prime; _module_preset=\u00a0\u00bbdefault\u00a0\u00bb custom_padding=\u00a0\u00bb3em||0px||false|false\u00a0\u00bb global_colors_info=\u00a0\u00bb{}\u00a0\u00bb][et_pb_column type=\u00a0\u00bb1_3&Prime; _builder_version=\u00a0\u00bb4.27.5&Prime; _module_preset=\u00a0\u00bbdefault\u00a0\u00bb global_colors_info=\u00a0\u00bb{}\u00a0\u00bb][dipi_hover_box content_title=\u00a0\u00bbChef priv\u00e9 \u00e0 domicile\u00a0\u00bb content_hover_title=\u00a0\u00bbChef priv\u00e9 \u00e0 domicile\u00a0\u00bb content_hover_content=\u00a0\u00bb<\/p>\n<p>Si vous pr\u00e9voyez un menu assis classique, cliquez sur le bouton ou visitez la page Chef Privado \u00e0 la maison.<\/p>\n<p>\u00a0\u00bb use_content_hover_button=\u00a0\u00bbon\u00a0\u00bb content_hover_button_text=\u00a0\u00bbPlus d&rsquo;infos\u00a0\u00bb hover_box_align_front=\u00a0\u00bbbottom_right\u00a0\u00bb box_height=\u00a0\u00bb427px\u00a0\u00bb content_hover_bg_color=\u00a0\u00bbrgba(255,255,255,0.9)\u00a0\u00bb content_bg_use_color_gradient=\u00a0\u00bbon\u00a0\u00bb content_bg_color_gradient_stops=\u00a0\u00bbrgba(0,0,0,0) 0%|rgba(0,0,0,0.34) 70%|rgba(0,0,0,0.75) 100%\u00a0\u00bb content_bg_color_gradient_overlays_image=\u00a0\u00bbon\u00a0\u00bb content_bg_image=\u00a0\u00bbhttps:\/\/wagnerculinaryexperiences.com\/wp-content\/uploads\/2026\/01\/img-prov-chef-casa.jpg\u00a0\u00bb content_hover_bg_color_gradient_overlays_image=\u00a0\u00bbon\u00a0\u00bb box_height_tablet=\u00a0\u00bb700px\u00a0\u00bb box_height_phone=\u00a0\u00bb430px\u00a0\u00bb box_height_last_edited=\u00a0\u00bbon|phone\u00a0\u00bb _builder_version=\u00a0\u00bb4.27.6&Prime; _module_preset=\u00a0\u00bbdefault\u00a0\u00bb content_title_font=\u00a0\u00bb|300||||||#D9BF91|dotted\u00a0\u00bb content_title_text_color=\u00a0\u00bb#FFFFFF\u00a0\u00bb content_title_font_size=\u00a0\u00bb1.5em\u00a0\u00bb content_hover_title_font=\u00a0\u00bb|300|||||||\u00a0\u00bb content_hover_title_font_size=\u00a0\u00bb1.5em\u00a0\u00bb background_color=\u00a0\u00bb#D9BF91&Prime; custom_content_hover_button=\u00a0\u00bbon\u00a0\u00bb content_hover_button_text_size=\u00a0\u00bb16px\u00a0\u00bb content_hover_button_text_color=\u00a0\u00bb#D9BF91&Prime; content_hover_button_bg_color=\u00a0\u00bb#000000&Prime; content_hover_button_border_width=\u00a0\u00bb0px\u00a0\u00bb content_hover_button_border_radius=\u00a0\u00bb0px\u00a0\u00bb content_hover_button_letter_spacing=\u00a0\u00bb2px\u00a0\u00bb content_hover_button_font=\u00a0\u00bb|||on|||||\u00a0\u00bb content_hover_button_use_icon=\u00a0\u00bboff\u00a0\u00bb content_hover_button_custom_padding=\u00a0\u00bb1em|2em|1em|2em|true|true\u00a0\u00bb transform_scale_last_edited=\u00a0\u00bboff|desktop\u00a0\u00bb transform_translate_tablet=\u00a0\u00bb0px|0px\u00a0\u00bb transform_translate_phone=\u00a0\u00bb0px|0px\u00a0\u00bb transform_translate_last_edited=\u00a0\u00bboff|desktop\u00a0\u00bb transform_rotate_last_edited=\u00a0\u00bboff|desktop\u00a0\u00bb transform_skew_last_edited=\u00a0\u00bboff|desktop\u00a0\u00bb transform_origin_last_edited=\u00a0\u00bboff|desktop\u00a0\u00bb transform_styles_last_edited=\u00a0\u00bboff|desktop\u00a0\u00bb custom_padding=\u00a0\u00bb||0px||false|false\u00a0\u00bb animation_style=\u00a0\u00bbfold\u00a0\u00bb animation_direction=\u00a0\u00bbleft\u00a0\u00bb animation_duration=\u00a0\u00bb1800ms\u00a0\u00bb animation_intensity_fold=\u00a0\u00bb15%\u00a0\u00bb link_option_url=\u00a0\u00bb#\u00a0\u00bb hover_enabled=\u00a0\u00bb0&Prime; content_title_font_size_tablet=\u00a0\u00bb2em\u00a0\u00bb content_title_font_size_phone=\u00a0\u00bb1.5em\u00a0\u00bb content_title_font_size_last_edited=\u00a0\u00bbon|phone\u00a0\u00bb content_hover_title_font_size_tablet=\u00a0\u00bb2em\u00a0\u00bb content_hover_title_font_size_phone=\u00a0\u00bb1.5em\u00a0\u00bb content_hover_title_font_size_last_edited=\u00a0\u00bbon|phone\u00a0\u00bb custom_css_content_title=\u00a0\u00bbmargin-bottom:-1em;||margin-left:1em;||border-bottom:1px solid #d9bf91;\u00a0\u00bb locked=\u00a0\u00bboff\u00a0\u00bb global_colors_info=\u00a0\u00bb{}\u00a0\u00bb content_hover_button_bg_color__hover_enabled=\u00a0\u00bbon|hover\u00a0\u00bb content_hover_button_bg_color__hover=\u00a0\u00bb#D9BF91&Prime; content_hover_button_bg_enable_color__hover=\u00a0\u00bbon\u00a0\u00bb content_hover_button_text_color__hover_enabled=\u00a0\u00bbon|hover\u00a0\u00bb content_hover_button_text_color__hover=\u00a0\u00bb#000000&Prime; border_width_right__hover_enabled=\u00a0\u00bbon|desktop\u00a0\u00bb border_width_right__hover=\u00a0\u00bb0px\u00a0\u00bb border_width_bottom__hover_enabled=\u00a0\u00bbon|hover\u00a0\u00bb border_width_bottom__hover=\u00a0\u00bb0px\u00a0\u00bb content_hover_button_link=\u00a0\u00bbhttps:\/\/wagnerculinaryexperiences.com\/fr\/traiteur-chef-prive\/\u00a0\u00bb sticky_enabled=\u00a0\u00bb0&Prime;][\/dipi_hover_box][\/et_pb_column][et_pb_column type=\u00a0\u00bb1_3&Prime; _builder_version=\u00a0\u00bb4.27.5&Prime; _module_preset=\u00a0\u00bbdefault\u00a0\u00bb global_colors_info=\u00a0\u00bb{}\u00a0\u00bb][dipi_hover_box content_title=\u00a0\u00bb\u00c9v\u00e9nements &#038; Traiteurs\u00a0\u00bb content_hover_title=\u00a0\u00bb\u00c9v\u00e9nements &#038; Traiteurs\u00a0\u00bb content_hover_content=\u00a0\u00bb<\/p>\n<p>Pour les fingerfoods, les ap\u00e9ritifs ou le catering, nous vous recommandons la page Events &amp; Catering.<\/p>\n<p>\u00a0\u00bb use_content_hover_button=\u00a0\u00bbon\u00a0\u00bb content_hover_button_text=\u00a0\u00bbPlus d&rsquo;infos\u00a0\u00bb hover_box_align_front=\u00a0\u00bbbottom_right\u00a0\u00bb box_height=\u00a0\u00bb427px\u00a0\u00bb content_hover_bg_color=\u00a0\u00bbrgba(255,255,255,0.9)\u00a0\u00bb content_bg_use_color_gradient=\u00a0\u00bbon\u00a0\u00bb content_bg_color_gradient_stops=\u00a0\u00bbrgba(0,0,0,0) 35%|rgba(0,0,0,0.34) 71%|rgba(0,0,0,0.75) 100%\u00a0\u00bb content_bg_color_gradient_overlays_image=\u00a0\u00bbon\u00a0\u00bb content_bg_image=\u00a0\u00bbhttps:\/\/wagnerculinaryexperiences.com\/wp-content\/uploads\/2026\/01\/img-prov-chef-cata.jpg\u00a0\u00bb content_hover_bg_color_gradient_overlays_image=\u00a0\u00bbon\u00a0\u00bb box_height_tablet=\u00a0\u00bb700px\u00a0\u00bb box_height_phone=\u00a0\u00bb430px\u00a0\u00bb box_height_last_edited=\u00a0\u00bbon|phone\u00a0\u00bb _builder_version=\u00a0\u00bb4.27.6&Prime; _module_preset=\u00a0\u00bbdefault\u00a0\u00bb content_title_font=\u00a0\u00bb|300||||||#D9BF91|dotted\u00a0\u00bb content_title_text_color=\u00a0\u00bb#FFFFFF\u00a0\u00bb content_title_font_size=\u00a0\u00bb1.5em\u00a0\u00bb content_hover_title_font=\u00a0\u00bb|300|||||||\u00a0\u00bb content_hover_title_font_size=\u00a0\u00bb1.5em\u00a0\u00bb background_color=\u00a0\u00bb#D9BF91&Prime; custom_content_hover_button=\u00a0\u00bbon\u00a0\u00bb content_hover_button_text_size=\u00a0\u00bb16px\u00a0\u00bb content_hover_button_text_color=\u00a0\u00bb#D9BF91&Prime; content_hover_button_bg_color=\u00a0\u00bb#000000&Prime; content_hover_button_border_width=\u00a0\u00bb0px\u00a0\u00bb content_hover_button_border_radius=\u00a0\u00bb0px\u00a0\u00bb content_hover_button_letter_spacing=\u00a0\u00bb2px\u00a0\u00bb content_hover_button_font=\u00a0\u00bb|||on|||||\u00a0\u00bb content_hover_button_use_icon=\u00a0\u00bboff\u00a0\u00bb content_hover_button_custom_padding=\u00a0\u00bb1em|2em|1em|2em|true|true\u00a0\u00bb transform_scale_last_edited=\u00a0\u00bboff|desktop\u00a0\u00bb transform_translate_tablet=\u00a0\u00bb0px|0px\u00a0\u00bb transform_translate_phone=\u00a0\u00bb0px|0px\u00a0\u00bb transform_translate_last_edited=\u00a0\u00bboff|desktop\u00a0\u00bb transform_rotate_last_edited=\u00a0\u00bboff|desktop\u00a0\u00bb transform_skew_last_edited=\u00a0\u00bboff|desktop\u00a0\u00bb transform_origin_last_edited=\u00a0\u00bboff|desktop\u00a0\u00bb transform_styles_last_edited=\u00a0\u00bboff|desktop\u00a0\u00bb custom_padding=\u00a0\u00bb||0px||false|false\u00a0\u00bb animation_style=\u00a0\u00bbfold\u00a0\u00bb animation_direction=\u00a0\u00bbleft\u00a0\u00bb animation_duration=\u00a0\u00bb1800ms\u00a0\u00bb animation_intensity_fold=\u00a0\u00bb15%\u00a0\u00bb link_option_url=\u00a0\u00bb#\u00a0\u00bb hover_enabled=\u00a0\u00bb0&Prime; content_title_font_size_tablet=\u00a0\u00bb2em\u00a0\u00bb content_title_font_size_phone=\u00a0\u00bb1.5em\u00a0\u00bb content_title_font_size_last_edited=\u00a0\u00bbon|phone\u00a0\u00bb content_hover_title_font_size_tablet=\u00a0\u00bb2em\u00a0\u00bb content_hover_title_font_size_phone=\u00a0\u00bb1.5em\u00a0\u00bb content_hover_title_font_size_last_edited=\u00a0\u00bbon|phone\u00a0\u00bb custom_css_content_title=\u00a0\u00bbmargin-bottom:-1em;||margin-left:1em;||border-bottom:1px solid #d9bf91;\u00a0\u00bb locked=\u00a0\u00bboff\u00a0\u00bb global_colors_info=\u00a0\u00bb{}\u00a0\u00bb content_hover_button_bg_color__hover_enabled=\u00a0\u00bbon|hover\u00a0\u00bb content_hover_button_bg_color__hover=\u00a0\u00bb#D9BF91&Prime; content_hover_button_bg_enable_color__hover=\u00a0\u00bbon\u00a0\u00bb content_hover_button_text_color__hover_enabled=\u00a0\u00bbon|hover\u00a0\u00bb content_hover_button_text_color__hover=\u00a0\u00bb#000000&Prime; border_width_right__hover_enabled=\u00a0\u00bbon|desktop\u00a0\u00bb border_width_right__hover=\u00a0\u00bb0px\u00a0\u00bb border_width_bottom__hover_enabled=\u00a0\u00bbon|hover\u00a0\u00bb border_width_bottom__hover=\u00a0\u00bb0px\u00a0\u00bb content_hover_button_link=\u00a0\u00bbhttps:\/\/wagnerculinaryexperiences.com\/fr\/prochains-evenements\/\u00a0\u00bb sticky_enabled=\u00a0\u00bb0&Prime;][\/dipi_hover_box][\/et_pb_column][et_pb_column type=\u00a0\u00bb1_3&Prime; _builder_version=\u00a0\u00bb4.27.5&Prime; _module_preset=\u00a0\u00bbdefault\u00a0\u00bb global_colors_info=\u00a0\u00bb{}\u00a0\u00bb][dipi_hover_box content_title=\u00a0\u00bbExp\u00e9riences culinaires\u00a0\u00bb content_hover_title=\u00a0\u00bbExp\u00e9riences culinaires\u00a0\u00bb content_hover_content=\u00a0\u00bb<\/p>\n<p>Si vous recherchez quelque chose de sp\u00e9cial, comme des ateliers, des d\u00e9gustations ou des \u00e9v\u00e9nements culinaires, consultez la page Exp\u00e9riences culinaires ou cliquez sur le bouton correspondant.<\/p>\n<p>\u00a0\u00bb use_content_hover_button=\u00a0\u00bbon\u00a0\u00bb content_hover_button_text=\u00a0\u00bbPlus d&rsquo;infos\u00a0\u00bb hover_box_align_front=\u00a0\u00bbbottom_right\u00a0\u00bb box_height=\u00a0\u00bb427px\u00a0\u00bb content_hover_bg_color=\u00a0\u00bbrgba(255,255,255,0.9)\u00a0\u00bb content_bg_use_color_gradient=\u00a0\u00bbon\u00a0\u00bb content_bg_color_gradient_stops=\u00a0\u00bbrgba(0,0,0,0) 18%|rgba(0,0,0,0.34) 80%|rgba(0,0,0,0.75) 100%\u00a0\u00bb content_bg_color_gradient_overlays_image=\u00a0\u00bbon\u00a0\u00bb content_bg_image=\u00a0\u00bbhttps:\/\/wagnerculinaryexperiences.com\/wp-content\/uploads\/2026\/01\/img-prov-chef-private.jpg\u00a0\u00bb content_hover_bg_color_gradient_overlays_image=\u00a0\u00bbon\u00a0\u00bb box_height_tablet=\u00a0\u00bb700px\u00a0\u00bb box_height_phone=\u00a0\u00bb430px\u00a0\u00bb box_height_last_edited=\u00a0\u00bbon|phone\u00a0\u00bb _builder_version=\u00a0\u00bb4.27.6&Prime; _module_preset=\u00a0\u00bbdefault\u00a0\u00bb content_title_font=\u00a0\u00bb|300||||||#D9BF91|dotted\u00a0\u00bb content_title_text_color=\u00a0\u00bb#FFFFFF\u00a0\u00bb content_title_font_size=\u00a0\u00bb1.5em\u00a0\u00bb content_hover_title_font=\u00a0\u00bb|300|||||||\u00a0\u00bb content_hover_title_font_size=\u00a0\u00bb1.5em\u00a0\u00bb background_color=\u00a0\u00bb#D9BF91&Prime; custom_content_hover_button=\u00a0\u00bbon\u00a0\u00bb content_hover_button_text_size=\u00a0\u00bb16px\u00a0\u00bb content_hover_button_text_color=\u00a0\u00bb#D9BF91&Prime; content_hover_button_bg_color=\u00a0\u00bb#000000&Prime; content_hover_button_border_width=\u00a0\u00bb0px\u00a0\u00bb content_hover_button_border_radius=\u00a0\u00bb0px\u00a0\u00bb content_hover_button_letter_spacing=\u00a0\u00bb2px\u00a0\u00bb content_hover_button_font=\u00a0\u00bb|||on|||||\u00a0\u00bb content_hover_button_use_icon=\u00a0\u00bboff\u00a0\u00bb content_hover_button_custom_padding=\u00a0\u00bb1em|2em|1em|2em|true|true\u00a0\u00bb transform_scale_last_edited=\u00a0\u00bboff|desktop\u00a0\u00bb transform_translate_tablet=\u00a0\u00bb0px|0px\u00a0\u00bb transform_translate_phone=\u00a0\u00bb0px|0px\u00a0\u00bb transform_translate_last_edited=\u00a0\u00bboff|desktop\u00a0\u00bb transform_rotate_last_edited=\u00a0\u00bboff|desktop\u00a0\u00bb transform_skew_last_edited=\u00a0\u00bboff|desktop\u00a0\u00bb transform_origin_last_edited=\u00a0\u00bboff|desktop\u00a0\u00bb transform_styles_last_edited=\u00a0\u00bboff|desktop\u00a0\u00bb custom_padding=\u00a0\u00bb||0px||false|false\u00a0\u00bb animation_style=\u00a0\u00bbfold\u00a0\u00bb animation_direction=\u00a0\u00bbleft\u00a0\u00bb animation_duration=\u00a0\u00bb1800ms\u00a0\u00bb animation_intensity_fold=\u00a0\u00bb15%\u00a0\u00bb link_option_url=\u00a0\u00bb#\u00a0\u00bb hover_enabled=\u00a0\u00bb0&Prime; content_title_font_size_tablet=\u00a0\u00bb2em\u00a0\u00bb content_title_font_size_phone=\u00a0\u00bb1.5em\u00a0\u00bb content_title_font_size_last_edited=\u00a0\u00bbon|phone\u00a0\u00bb content_hover_title_font_size_tablet=\u00a0\u00bb2em\u00a0\u00bb content_hover_title_font_size_phone=\u00a0\u00bb1.5em\u00a0\u00bb content_hover_title_font_size_last_edited=\u00a0\u00bbon|phone\u00a0\u00bb custom_css_content_title=\u00a0\u00bbmargin-bottom:-1em;||margin-left:1em;||border-bottom:1px solid #d9bf91;\u00a0\u00bb locked=\u00a0\u00bboff\u00a0\u00bb global_colors_info=\u00a0\u00bb{}\u00a0\u00bb content_hover_button_bg_color__hover_enabled=\u00a0\u00bbon|hover\u00a0\u00bb content_hover_button_bg_color__hover=\u00a0\u00bb#D9BF91&Prime; content_hover_button_bg_enable_color__hover=\u00a0\u00bbon\u00a0\u00bb content_hover_button_text_color__hover_enabled=\u00a0\u00bbon|hover\u00a0\u00bb content_hover_button_text_color__hover=\u00a0\u00bb#000000&Prime; border_width_right__hover_enabled=\u00a0\u00bbon|desktop\u00a0\u00bb border_width_right__hover=\u00a0\u00bb0px\u00a0\u00bb border_width_bottom__hover_enabled=\u00a0\u00bbon|hover\u00a0\u00bb border_width_bottom__hover=\u00a0\u00bb0px\u00a0\u00bb content_hover_button_link=\u00a0\u00bbhttps:\/\/wagnerculinaryexperiences.com\/fr\/experiences-culinaires\/\u00a0\u00bb sticky_enabled=\u00a0\u00bb0&Prime;][\/dipi_hover_box][\/et_pb_column][\/et_pb_row][\/et_pb_section][et_pb_section fb_built=\u00a0\u00bb1&Prime; _builder_version=\u00a0\u00bb4.27.5&Prime; _module_preset=\u00a0\u00bbdefault\u00a0\u00bb background_color=\u00a0\u00bb#F0EDEA\u00a0\u00bb global_colors_info=\u00a0\u00bb{}\u00a0\u00bb][et_pb_row _builder_version=\u00a0\u00bb4.27.5&Prime; _module_preset=\u00a0\u00bbdefault\u00a0\u00bb custom_padding=\u00a0\u00bb0px||||false|false\u00a0\u00bb global_colors_info=\u00a0\u00bb{}\u00a0\u00bb][et_pb_column type=\u00a0\u00bb4_4&Prime; _builder_version=\u00a0\u00bb4.27.5&Prime; _module_preset=\u00a0\u00bbdefault\u00a0\u00bb global_colors_info=\u00a0\u00bb{}\u00a0\u00bb][et_pb_text _builder_version=\u00a0\u00bb4.27.5&Prime; _module_preset=\u00a0\u00bbdefault\u00a0\u00bb text_font_size=\u00a0\u00bb2em\u00a0\u00bb text_line_height=\u00a0\u00bb1.2em\u00a0\u00bb text_orientation=\u00a0\u00bbcenter\u00a0\u00bb width=\u00a0\u00bb70%\u00a0\u00bb width_tablet=\u00a0\u00bb100%\u00a0\u00bb width_phone=\u00a0\u00bb100%\u00a0\u00bb width_last_edited=\u00a0\u00bbon|phone\u00a0\u00bb module_alignment=\u00a0\u00bbcenter\u00a0\u00bb text_font_size_tablet=\u00a0\u00bb2em\u00a0\u00bb text_font_size_phone=\u00a0\u00bb1.5em\u00a0\u00bb text_font_size_last_edited=\u00a0\u00bbon|phone\u00a0\u00bb locked=\u00a0\u00bboff\u00a0\u00bb global_colors_info=\u00a0\u00bb{}\u00a0\u00bb]<\/p>\n<p>Nous sommes impatients de cr\u00e9er avec vous des exp\u00e9riences culinaires inoubliables.<\/p>\n<p>[\/et_pb_text][\/et_pb_column][\/et_pb_row][\/et_pb_section][et_pb_section fb_built=\u00a0\u00bb1&Prime; _builder_version=\u00a0\u00bb4.27.5&Prime; _module_preset=\u00a0\u00bbdefault\u00a0\u00bb background_color=\u00a0\u00bb#F0EDEA\u00a0\u00bb custom_padding=\u00a0\u00bb0px||0px||true|false\u00a0\u00bb locked=\u00a0\u00bboff\u00a0\u00bb global_colors_info=\u00a0\u00bb{}\u00a0\u00bb][et_pb_row column_structure=\u00a0\u00bb2_3,1_3&Prime; use_custom_gutter=\u00a0\u00bbon\u00a0\u00bb gutter_width=\u00a0\u00bb1&Prime; make_equal=\u00a0\u00bbon\u00a0\u00bb _builder_version=\u00a0\u00bb4.27.5&Prime; _module_preset=\u00a0\u00bbdefault\u00a0\u00bb width=\u00a0\u00bb100%\u00a0\u00bb max_width=\u00a0\u00bb100%\u00a0\u00bb custom_padding=\u00a0\u00bb0px||0px||true|false\u00a0\u00bb global_colors_info=\u00a0\u00bb{}\u00a0\u00bb][et_pb_column type=\u00a0\u00bb2_3&Prime; _builder_version=\u00a0\u00bb4.27.5&Prime; _module_preset=\u00a0\u00bbdefault\u00a0\u00bb animation_style=\u00a0\u00bbslide\u00a0\u00bb animation_direction=\u00a0\u00bbright\u00a0\u00bb animation_duration=\u00a0\u00bb1700ms\u00a0\u00bb animation_intensity_slide=\u00a0\u00bb10%\u00a0\u00bb global_colors_info=\u00a0\u00bb{}\u00a0\u00bb][et_pb_image src=\u00a0\u00bbhttps:\/\/wagnerculinaryexperiences.com\/wp-content\/uploads\/2026\/02\/img-estudio-2.jpg\u00a0\u00bb _builder_version=\u00a0\u00bb4.27.5&Prime; _module_preset=\u00a0\u00bbdefault\u00a0\u00bb global_colors_info=\u00a0\u00bb{}\u00a0\u00bb][\/et_pb_image][\/et_pb_column][et_pb_column type=\u00a0\u00bb1_3&Prime; _builder_version=\u00a0\u00bb4.27.5&Prime; _module_preset=\u00a0\u00bbdefault\u00a0\u00bb background_image=\u00a0\u00bbhttps:\/\/wagnerculinaryexperiences.com\/wp-content\/uploads\/2026\/02\/img-estudio-3.jpg\u00a0\u00bb animation_style=\u00a0\u00bbslide\u00a0\u00bb animation_direction=\u00a0\u00bbleft\u00a0\u00bb animation_duration=\u00a0\u00bb1700ms\u00a0\u00bb animation_intensity_slide=\u00a0\u00bb10%\u00a0\u00bb global_colors_info=\u00a0\u00bb{}\u00a0\u00bb][et_pb_image src=\u00a0\u00bbhttps:\/\/wagnerculinaryexperiences.com\/wp-content\/uploads\/2026\/02\/img-estudio-3.jpg\u00a0\u00bb disabled_on=\u00a0\u00bboff|off|on\u00a0\u00bb _builder_version=\u00a0\u00bb4.27.5&Prime; _module_preset=\u00a0\u00bbdefault\u00a0\u00bb global_colors_info=\u00a0\u00bb{}\u00a0\u00bb][\/et_pb_image][\/et_pb_column][\/et_pb_row][et_pb_row column_structure=\u00a0\u00bb1_3,2_3&Prime; use_custom_gutter=\u00a0\u00bbon\u00a0\u00bb gutter_width=\u00a0\u00bb1&Prime; make_equal=\u00a0\u00bbon\u00a0\u00bb _builder_version=\u00a0\u00bb4.27.5&Prime; _module_preset=\u00a0\u00bbdefault\u00a0\u00bb width=\u00a0\u00bb100%\u00a0\u00bb max_width=\u00a0\u00bb100%\u00a0\u00bb custom_padding=\u00a0\u00bb0px||0px||true|false\u00a0\u00bb global_colors_info=\u00a0\u00bb{}\u00a0\u00bb][et_pb_column type=\u00a0\u00bb1_3&Prime; _builder_version=\u00a0\u00bb4.27.5&Prime; _module_preset=\u00a0\u00bbdefault\u00a0\u00bb background_image=\u00a0\u00bbhttps:\/\/wagnerculinaryexperiences.com\/wp-content\/uploads\/2026\/02\/img-estudio-5.jpg\u00a0\u00bb animation_style=\u00a0\u00bbslide\u00a0\u00bb animation_direction=\u00a0\u00bbleft\u00a0\u00bb animation_duration=\u00a0\u00bb1700ms\u00a0\u00bb animation_intensity_slide=\u00a0\u00bb10%\u00a0\u00bb global_colors_info=\u00a0\u00bb{}\u00a0\u00bb][et_pb_image src=\u00a0\u00bbhttps:\/\/wagnerculinaryexperiences.com\/wp-content\/uploads\/2026\/02\/img-estudio-5.jpg\u00a0\u00bb disabled_on=\u00a0\u00bboff|off|on\u00a0\u00bb _builder_version=\u00a0\u00bb4.27.5&Prime; _module_preset=\u00a0\u00bbdefault\u00a0\u00bb global_colors_info=\u00a0\u00bb{}\u00a0\u00bb][\/et_pb_image][\/et_pb_column][et_pb_column type=\u00a0\u00bb2_3&Prime; _builder_version=\u00a0\u00bb4.27.5&Prime; _module_preset=\u00a0\u00bbdefault\u00a0\u00bb animation_style=\u00a0\u00bbslide\u00a0\u00bb animation_direction=\u00a0\u00bbright\u00a0\u00bb animation_duration=\u00a0\u00bb1700ms\u00a0\u00bb animation_intensity_slide=\u00a0\u00bb10%\u00a0\u00bb global_colors_info=\u00a0\u00bb{}\u00a0\u00bb][et_pb_image src=\u00a0\u00bbhttps:\/\/wagnerculinaryexperiences.com\/wp-content\/uploads\/2026\/02\/img-estudio-4.jpg\u00a0\u00bb _builder_version=\u00a0\u00bb4.27.5&Prime; _module_preset=\u00a0\u00bbdefault\u00a0\u00bb global_colors_info=\u00a0\u00bb{}\u00a0\u00bb][\/et_pb_image][\/et_pb_column][\/et_pb_row][\/et_pb_section]<\/p>\n","protected":false},"excerpt":{"rendered":"<p>Atelier &amp; lieu d&rsquo;\u00e9v\u00e9nementNotre atelier et espace \u00e9v\u00e9nementiel offre le cadre id\u00e9al pour des exp\u00e9riences culinaires communes et des activit\u00e9s de groupe. Qu&rsquo;il s&rsquo;agisse de team building, de f\u00eates priv\u00e9es, d&rsquo;anniversaires, d&rsquo;\u00e9v\u00e9nements d&rsquo;entreprise ou d&rsquo;occasions sp\u00e9ciales, vous pouvez y vivre des moments uniques. Pour plus d&rsquo;informations ou pour r\u00e9server, vous pouvez nous contacter directement ou [&hellip;]<\/p>\n","protected":false},"author":2,"featured_media":0,"parent":0,"menu_order":0,"comment_status":"closed","ping_status":"closed","template":"","meta":{"_acf_changed":false,"_et_pb_use_builder":"on","_et_pb_old_content":"","_et_gb_content_width":"","footnotes":""},"class_list":["post-2625","page","type-page","status-publish","hentry"],"acf":[],"_links":{"self":[{"href":"https:\/\/wagnerculinaryexperiences.com\/fr\/wp-json\/wp\/v2\/pages\/2625","targetHints":{"allow":["GET"]}}],"collection":[{"href":"https:\/\/wagnerculinaryexperiences.com\/fr\/wp-json\/wp\/v2\/pages"}],"about":[{"href":"https:\/\/wagnerculinaryexperiences.com\/fr\/wp-json\/wp\/v2\/types\/page"}],"author":[{"embeddable":true,"href":"https:\/\/wagnerculinaryexperiences.com\/fr\/wp-json\/wp\/v2\/users\/2"}],"replies":[{"embeddable":true,"href":"https:\/\/wagnerculinaryexperiences.com\/fr\/wp-json\/wp\/v2\/comments?post=2625"}],"version-history":[{"count":3,"href":"https:\/\/wagnerculinaryexperiences.com\/fr\/wp-json\/wp\/v2\/pages\/2625\/revisions"}],"predecessor-version":[{"id":2764,"href":"https:\/\/wagnerculinaryexperiences.com\/fr\/wp-json\/wp\/v2\/pages\/2625\/revisions\/2764"}],"wp:attachment":[{"href":"https:\/\/wagnerculinaryexperiences.com\/fr\/wp-json\/wp\/v2\/media?parent=2625"}],"curies":[{"name":"wp","href":"https:\/\/api.w.org\/{rel}","templated":true}]}}