{"id":2650,"date":"2026-03-17T14:51:31","date_gmt":"2026-03-17T13:51:31","guid":{"rendered":"https:\/\/wagnerculinaryexperiences.com\/mentions-legales\/"},"modified":"2026-03-24T18:27:35","modified_gmt":"2026-03-24T17:27:35","slug":"mentions-legales","status":"publish","type":"page","link":"https:\/\/wagnerculinaryexperiences.com\/fr\/mentions-legales\/","title":{"rendered":"Mentions l\u00e9gales"},"content":{"rendered":"<p>[et_pb_section fb_built=\u00a0\u00bb1&Prime; custom_padding_last_edited=\u00a0\u00bbon|desktop\u00a0\u00bb _builder_version=\u00a0\u00bb4.27.5&Prime; _module_preset=\u00a0\u00bbdefault\u00a0\u00bb background_color=\u00a0\u00bb#000000&Prime; custom_padding=\u00a0\u00bb10%||0px||false|false\u00a0\u00bb custom_padding_tablet=\u00a0\u00bb12%||||false|false\u00a0\u00bb custom_padding_phone=\u00a0\u00bb25%||||false|false\u00a0\u00bb hover_enabled=\u00a0\u00bb0&Prime; global_colors_info=\u00a0\u00bb{}\u00a0\u00bb locked=\u00a0\u00bboff\u00a0\u00bb sticky_enabled=\u00a0\u00bb0&Prime;][et_pb_row _builder_version=\u00a0\u00bb4.27.5&Prime; _module_preset=\u00a0\u00bbdefault\u00a0\u00bb global_colors_info=\u00a0\u00bb{}\u00a0\u00bb][et_pb_column type=\u00a0\u00bb4_4&Prime; _builder_version=\u00a0\u00bb4.27.5&Prime; _module_preset=\u00a0\u00bbdefault\u00a0\u00bb global_colors_info=\u00a0\u00bb{}\u00a0\u00bb][et_pb_text _builder_version=\u00a0\u00bb4.27.5&Prime; _module_preset=\u00a0\u00bbdefault\u00a0\u00bb hover_enabled=\u00a0\u00bb0&Prime; global_colors_info=\u00a0\u00bb{}\u00a0\u00bb background_layout=\u00a0\u00bbdark\u00a0\u00bb sticky_enabled=\u00a0\u00bb0&Prime;]<\/p>\n<h1>Mentions l\u00e9gales<\/h1>\n<p>Indications selon l&rsquo;art. 3, al. 1, let. s, LCD (loi f\u00e9d\u00e9rale contre la concurrence d\u00e9loyale)  <\/p>\n<p>[\/et_pb_text][\/et_pb_column][\/et_pb_row][\/et_pb_section][et_pb_section fb_built=\u00a0\u00bb1&Prime; custom_padding_last_edited=\u00a0\u00bboff|desktop\u00a0\u00bb _builder_version=\u00a0\u00bb4.27.5&Prime; _module_preset=\u00a0\u00bbdefault\u00a0\u00bb background_color=\u00a0\u00bb#F0EDEA\u00a0\u00bb custom_padding_tablet=\u00a0\u00bb12%||||false|false\u00a0\u00bb custom_padding_phone=\u00a0\u00bb25%||||false|false\u00a0\u00bb hover_enabled=\u00a0\u00bb0&Prime; global_colors_info=\u00a0\u00bb{}\u00a0\u00bb locked=\u00a0\u00bboff\u00a0\u00bb sticky_enabled=\u00a0\u00bb0&Prime; custom_padding=\u00a0\u00bb0px||||false|false\u00a0\u00bb][et_pb_row _builder_version=\u00a0\u00bb4.27.5&Prime; _module_preset=\u00a0\u00bbdefault\u00a0\u00bb global_colors_info=\u00a0\u00bb{}\u00a0\u00bb][et_pb_column type=\u00a0\u00bb4_4&Prime; _builder_version=\u00a0\u00bb4.27.5&Prime; _module_preset=\u00a0\u00bbdefault\u00a0\u00bb global_colors_info=\u00a0\u00bb{}\u00a0\u00bb][et_pb_text _builder_version=\u00a0\u00bb4.27.5&Prime; _module_preset=\u00a0\u00bbdefault\u00a0\u00bb hover_enabled=\u00a0\u00bb0&Prime; global_colors_info=\u00a0\u00bb{}\u00a0\u00bb sticky_enabled=\u00a0\u00bb0&Prime;]<\/p>\n<h2><b>Personne responsable<\/b><\/h2>\n<p><span style=\"font-weight: 400;\">Stav Wagner<\/span><\/p>\n<p><span style=\"font-weight: 400;\">Cuisine priv\u00e9e &amp; \u00e9v\u00e9nements<\/span><\/p>\n<p><span style=\"font-weight: 400;\">57, rue de la Justice<\/span><\/p>\n<p><span style=\"font-weight: 400;\">3011 Berne<\/span><\/p>\n<p><span style=\"font-weight: 400;\">Suisse<\/span><\/p>\n<h2><b>Contact<\/b><\/h2>\n<p><span style=\"font-weight: 400;\">T\u00e9l\u00e9phone : +41 76 296 97 02<\/span><\/p>\n<p><span style=\"font-weight: 400;\">Courrier \u00e9lectronique : privatechef.wagner@gmail.com<\/span><\/p>\n<h2><b>Forme juridique<\/b><\/h2>\n<p><span style=\"font-weight: 400;\">Entreprise individuelle (non inscrite au registre du commerce)<\/span><\/p>\n<h2><b>Note<\/b><\/h2>\n<p><span style=\"font-weight: 400;\">Stav Wagner n&rsquo;est pas assujetti \u00e0 la TVA (chiffre d&rsquo;affaires annuel inf\u00e9rieur \u00e0 100 000 CHF).<\/span><\/p>\n<h2><b>Clause de non-responsabilit\u00e9<\/b><\/h2>\n<p><span style=\"font-weight: 400;\">Malgr\u00e9 un contr\u00f4le minutieux du contenu, nous n&rsquo;assumons aucune responsabilit\u00e9 pour le contenu des liens externes. Seuls les exploitants de ces sites sont responsables de leur contenu. <\/span><\/p>\n<p>[\/et_pb_text][\/et_pb_column][\/et_pb_row][\/et_pb_section]<\/p>\n","protected":false},"excerpt":{"rendered":"<p>Mentions l\u00e9gales Indications selon l&rsquo;art. 3, al. 1, let. s, LCD (loi f\u00e9d\u00e9rale contre la concurrence d\u00e9loyale) Personne responsable Stav Wagner Cuisine priv\u00e9e &amp; \u00e9v\u00e9nements 57, rue de la Justice 3011 Berne Suisse Contact T\u00e9l\u00e9phone : +41 76 296 97 02 Courrier \u00e9lectronique : privatechef.wagner@gmail.com Forme juridique Entreprise individuelle (non inscrite au registre du commerce) [&hellip;]<\/p>\n","protected":false},"author":2,"featured_media":0,"parent":0,"menu_order":0,"comment_status":"closed","ping_status":"closed","template":"","meta":{"_acf_changed":false,"_et_pb_use_builder":"on","_et_pb_old_content":"","_et_gb_content_width":"","footnotes":""},"class_list":["post-2650","page","type-page","status-publish","hentry"],"acf":[],"_links":{"self":[{"href":"https:\/\/wagnerculinaryexperiences.com\/fr\/wp-json\/wp\/v2\/pages\/2650","targetHints":{"allow":["GET"]}}],"collection":[{"href":"https:\/\/wagnerculinaryexperiences.com\/fr\/wp-json\/wp\/v2\/pages"}],"about":[{"href":"https:\/\/wagnerculinaryexperiences.com\/fr\/wp-json\/wp\/v2\/types\/page"}],"author":[{"embeddable":true,"href":"https:\/\/wagnerculinaryexperiences.com\/fr\/wp-json\/wp\/v2\/users\/2"}],"replies":[{"embeddable":true,"href":"https:\/\/wagnerculinaryexperiences.com\/fr\/wp-json\/wp\/v2\/comments?post=2650"}],"version-history":[{"count":1,"href":"https:\/\/wagnerculinaryexperiences.com\/fr\/wp-json\/wp\/v2\/pages\/2650\/revisions"}],"predecessor-version":[{"id":2653,"href":"https:\/\/wagnerculinaryexperiences.com\/fr\/wp-json\/wp\/v2\/pages\/2650\/revisions\/2653"}],"wp:attachment":[{"href":"https:\/\/wagnerculinaryexperiences.com\/fr\/wp-json\/wp\/v2\/media?parent=2650"}],"curies":[{"name":"wp","href":"https:\/\/api.w.org\/{rel}","templated":true}]}}